{"id":1258,"date":"2021-04-12T14:54:52","date_gmt":"2021-04-12T17:54:52","guid":{"rendered":"https:\/\/moreiraalvesexavier.com.br\/?page_id=1258"},"modified":"2021-04-12T16:22:52","modified_gmt":"2021-04-12T19:22:52","slug":"direito-civil","status":"publish","type":"page","link":"https:\/\/moreiraalvesexavier.com.br\/?page_id=1258","title":{"rendered":""},"content":{"rendered":"\n<section class=\"wp-block-uagb-section uagb-section__wrap uagb-section__background-color uagb-block-b0456983\"><div class=\"uagb-section__overlay\"><\/div><div class=\"uagb-section__inner-wrap\">\n<h4 style=\"text-align: justify; font-size:30px\">DIREITO CIVIL<\/h4>\n\n<p style=\"font-family:Roboto; text-align: justify;\">Neste amplo ramo do Direito, o qual re\u00fane os mais variados temas, lidamos com:<\/p>\n\n<ul>\n \t<li style=\"text-align: justify;\">An\u00e1lise e elabora\u00e7\u00e3o de contratos<\/li>\n \t<li style=\"text-align: justify;\">Execu\u00e7\u00f5es<\/li>\n \t<li style=\"text-align: justify;\">Notifica\u00e7\u00f5es extrajudiciais<\/li>\n \t<li style=\"text-align: justify;\">A\u00e7\u00e3o de despejo<\/li>\n \t<li style=\"text-align: justify;\">A\u00e7\u00e3o de cobran\u00e7a<\/li>\n<\/ul>\n<p style=\"text-align: justify;\">Importante vertente desta \u00e1rea, tamb\u00e9m atuamos em causas relacionadas ao DIREITO DO CONSUMIDOR que envolvam qualidade de produtos e servi\u00e7os, preven\u00e7\u00e3o e repara\u00e7\u00e3o de danos de natureza material e moral, como:<\/p>\n\n<ul>\n \t<li style=\"text-align: justify;\">&nbsp;Pleitos indenizat\u00f3rios<\/li>\n \t<li style=\"text-align: justify;\">Responsabilidade civil<\/li>\n \t<li style=\"text-align: justify;\">Planos de sa\u00fade (reajustes abusivos, mudan\u00e7a de faixa et\u00e1ria)<\/li>\n \t<li style=\"text-align: justify;\">Cadastro indevido do consumidor em \u00f3rg\u00e3os de prote\u00e7\u00e3o ao cr\u00e9dito<\/li>\n \t<li style=\"text-align: justify;\">&nbsp;Interrup\u00e7\u00e3o indevida na presta\u00e7\u00e3o de servi\u00e7os essenciais (energia el\u00e9trica, \u00e1gua, g\u00e1s, telefone, internet)<\/li>\n \t<li style=\"text-align: justify;\">Contratos de financiamento<\/li>\n \t<li style=\"text-align: justify;\">Empr\u00e9stimos consignados<\/li>\n<\/ul>\n\n<hr style=\"height: 2px; border: none; color: #000; background-color: #000; margin-top: 0px; margin-bottom: 0px;\">\n<\/div><\/section>\n","protected":false},"excerpt":{"rendered":"","protected":false},"author":1,"featured_media":0,"parent":0,"menu_order":0,"comment_status":"closed","ping_status":"closed","template":"","meta":[],"uagb_featured_image_src":{"full":false,"thumbnail":false,"medium":false,"medium_large":false,"large":false,"1536x1536":false,"2048x2048":false},"uagb_author_info":{"display_name":"lucasastino","author_link":"https:\/\/moreiraalvesexavier.com.br\/?author=1"},"uagb_comment_info":0,"uagb_excerpt":null,"_links":{"self":[{"href":"https:\/\/moreiraalvesexavier.com.br\/index.php?rest_route=\/wp\/v2\/pages\/1258"}],"collection":[{"href":"https:\/\/moreiraalvesexavier.com.br\/index.php?rest_route=\/wp\/v2\/pages"}],"about":[{"href":"https:\/\/moreiraalvesexavier.com.br\/index.php?rest_route=\/wp\/v2\/types\/page"}],"author":[{"embeddable":true,"href":"https:\/\/moreiraalvesexavier.com.br\/index.php?rest_route=\/wp\/v2\/users\/1"}],"replies":[{"embeddable":true,"href":"https:\/\/moreiraalvesexavier.com.br\/index.php?rest_route=%2Fwp%2Fv2%2Fcomments&post=1258"}],"version-history":[{"count":20,"href":"https:\/\/moreiraalvesexavier.com.br\/index.php?rest_route=\/wp\/v2\/pages\/1258\/revisions"}],"predecessor-version":[{"id":1327,"href":"https:\/\/moreiraalvesexavier.com.br\/index.php?rest_route=\/wp\/v2\/pages\/1258\/revisions\/1327"}],"wp:attachment":[{"href":"https:\/\/moreiraalvesexavier.com.br\/index.php?rest_route=%2Fwp%2Fv2%2Fmedia&parent=1258"}],"curies":[{"name":"wp","href":"https:\/\/api.w.org\/{rel}","templated":true}]}}