{"id":1281,"date":"2021-04-12T15:25:40","date_gmt":"2021-04-12T18:25:40","guid":{"rendered":"https:\/\/moreiraalvesexavier.com.br\/?page_id=1281"},"modified":"2021-04-14T14:25:59","modified_gmt":"2021-04-14T17:25:59","slug":"caixa-economica-federal","status":"publish","type":"page","link":"https:\/\/moreiraalvesexavier.com.br\/?page_id=1281","title":{"rendered":""},"content":{"rendered":"\n<section class=\"wp-block-uagb-section uagb-section__wrap uagb-section__background-color uagb-block-ebd34272\"><div class=\"uagb-section__overlay\"><\/div><div class=\"uagb-section__inner-wrap\">\n<h4 style=\"font-size:30px\">CAIXA ECON\u00d4MICA FEDERAL<\/h4>\n\n<p style=\"text-align: justify;\">Somos reconhecidos por atuar em defesa dos empregados, aposentados e pensionistas da CAIXA ECON\u00d4MICA FEDERAL e FUNCEF. Refer\u00eancia principalmente nas \u00e1reas trabalhista e previdenci\u00e1ria, a Moreira Alves &#038; Xavier possui ampla expertise nas seguintes demandas:<\/p>\n<ul>\n<li style=\"text-align: justify;\">Horas extraordin\u00e1rias (7\u00aa e 8\u00aa horas, intervalo para caixa\/digitador, intervalo da mulher, entre outros)<\/li>\n<li style=\"text-align: justify;\">Quebra de caixa (direcionada aos empregados ou aposentados que ocuparam a fun\u00e7\u00e3o de caixa executivo)<\/li>\n<li style=\"text-align: justify;\">Isonomia salarial \u00e0s mulheres que se aposentaram proporcionalmente e recebem benef\u00edcio previdenci\u00e1rio da FUNCEF (\u201cmulheres pr\u00e9-78\u201d)<\/li>\n<li style=\"text-align: justify;\">CTVA e supress\u00e3o de cargos comissionados (incorpora\u00e7\u00e3o \u2013 mesmo ap\u00f3s a Reforma Trabalhista \u2013 e indeniza\u00e7\u00e3o)<\/li>\n<li style=\"text-align: justify;\">Aux\u00edlio-alimenta\u00e7\u00e3o (\u201cticket\u201d)<\/li>\n<li style=\"text-align: justify;\">Bitributa\u00e7\u00e3o de imposto de renda incidente na previd\u00eancia complementar FUNCEF referente ao per\u00edodo janeiro\/1989 \u2013 dezembro\/1995 (cab\u00edvel tamb\u00e9m a outras funda\u00e7\u00f5es de seguridade, como PREVI, POSTALIS, PETROS, CENTRUS)<\/li>\n<li style=\"text-align: justify;\">Imposto de renda sobre o equacionamento\/contribui\u00e7\u00f5es extraordin\u00e1rias FUNCEF (cab\u00edvel tamb\u00e9m a outras funda\u00e7\u00f5es de seguridade, como PREVI, POSTALIS, PETROS, CENTRUS)<\/li>\n<\/ul>\n<\/div><\/section>\n","protected":false},"excerpt":{"rendered":"","protected":false},"author":1,"featured_media":0,"parent":0,"menu_order":0,"comment_status":"closed","ping_status":"closed","template":"","meta":[],"uagb_featured_image_src":{"full":false,"thumbnail":false,"medium":false,"medium_large":false,"large":false,"1536x1536":false,"2048x2048":false},"uagb_author_info":{"display_name":"lucasastino","author_link":"https:\/\/moreiraalvesexavier.com.br\/?author=1"},"uagb_comment_info":0,"uagb_excerpt":null,"_links":{"self":[{"href":"https:\/\/moreiraalvesexavier.com.br\/index.php?rest_route=\/wp\/v2\/pages\/1281"}],"collection":[{"href":"https:\/\/moreiraalvesexavier.com.br\/index.php?rest_route=\/wp\/v2\/pages"}],"about":[{"href":"https:\/\/moreiraalvesexavier.com.br\/index.php?rest_route=\/wp\/v2\/types\/page"}],"author":[{"embeddable":true,"href":"https:\/\/moreiraalvesexavier.com.br\/index.php?rest_route=\/wp\/v2\/users\/1"}],"replies":[{"embeddable":true,"href":"https:\/\/moreiraalvesexavier.com.br\/index.php?rest_route=%2Fwp%2Fv2%2Fcomments&post=1281"}],"version-history":[{"count":6,"href":"https:\/\/moreiraalvesexavier.com.br\/index.php?rest_route=\/wp\/v2\/pages\/1281\/revisions"}],"predecessor-version":[{"id":1750,"href":"https:\/\/moreiraalvesexavier.com.br\/index.php?rest_route=\/wp\/v2\/pages\/1281\/revisions\/1750"}],"wp:attachment":[{"href":"https:\/\/moreiraalvesexavier.com.br\/index.php?rest_route=%2Fwp%2Fv2%2Fmedia&parent=1281"}],"curies":[{"name":"wp","href":"https:\/\/api.w.org\/{rel}","templated":true}]}}