{"id":1285,"date":"2021-04-12T15:41:01","date_gmt":"2021-04-12T18:41:01","guid":{"rendered":"https:\/\/moreiraalvesexavier.com.br\/?page_id=1285"},"modified":"2021-04-12T16:22:25","modified_gmt":"2021-04-12T19:22:25","slug":"direito-previdenciario-e-tributario","status":"publish","type":"page","link":"https:\/\/moreiraalvesexavier.com.br\/?page_id=1285","title":{"rendered":""},"content":{"rendered":"\n<section class=\"wp-block-uagb-section uagb-section__wrap uagb-section__background-color uagb-block-5b62a957\"><div class=\"uagb-section__overlay\"><\/div><div class=\"uagb-section__inner-wrap\">\n<h4 style=\"font-size:30px\">DIREITO PREVIDENCI\u00c1RIO E TRIBUT\u00c1RIO<\/h4>\n\n<p style=\"text-align: justify;\">Atuamos em defesa de segurados do INSS, sobretudo aposentados e pensionistas, em quest\u00f5es relacionadas \u00e0 revis\u00e3o, concess\u00e3o e\/ou restabelecimento de benef\u00edcios previdenci\u00e1rios (aposentadoria, pens\u00e3o por morte, aux\u00edlio-doen\u00e7a, etc), incluindo a parte tribut\u00e1ria, como a isen\u00e7\u00e3o de imposto de renda por doen\u00e7a grave.<br>\nDa mesma forma, lidamos com casos relativos \u00e0 previd\u00eancia privada (FUNCEF, PREVHAB, PREVI, POSTALIS, PETROS, CENTRUS, entre outras funda\u00e7\u00f5es de seguridade), tanto no \u00e2mbito previdenci\u00e1rio quanto no tribut\u00e1rio.<\/p>\n\n<hr style=\"height:2px; border:none; color:#000; background-color:#000; margin-top: 0px; margin-bottom: 0px;\">\n<\/div><\/section>\n","protected":false},"excerpt":{"rendered":"","protected":false},"author":1,"featured_media":0,"parent":0,"menu_order":0,"comment_status":"closed","ping_status":"closed","template":"","meta":[],"uagb_featured_image_src":{"full":false,"thumbnail":false,"medium":false,"medium_large":false,"large":false,"1536x1536":false,"2048x2048":false},"uagb_author_info":{"display_name":"lucasastino","author_link":"https:\/\/moreiraalvesexavier.com.br\/?author=1"},"uagb_comment_info":0,"uagb_excerpt":null,"_links":{"self":[{"href":"https:\/\/moreiraalvesexavier.com.br\/index.php?rest_route=\/wp\/v2\/pages\/1285"}],"collection":[{"href":"https:\/\/moreiraalvesexavier.com.br\/index.php?rest_route=\/wp\/v2\/pages"}],"about":[{"href":"https:\/\/moreiraalvesexavier.com.br\/index.php?rest_route=\/wp\/v2\/types\/page"}],"author":[{"embeddable":true,"href":"https:\/\/moreiraalvesexavier.com.br\/index.php?rest_route=\/wp\/v2\/users\/1"}],"replies":[{"embeddable":true,"href":"https:\/\/moreiraalvesexavier.com.br\/index.php?rest_route=%2Fwp%2Fv2%2Fcomments&post=1285"}],"version-history":[{"count":5,"href":"https:\/\/moreiraalvesexavier.com.br\/index.php?rest_route=\/wp\/v2\/pages\/1285\/revisions"}],"predecessor-version":[{"id":1326,"href":"https:\/\/moreiraalvesexavier.com.br\/index.php?rest_route=\/wp\/v2\/pages\/1285\/revisions\/1326"}],"wp:attachment":[{"href":"https:\/\/moreiraalvesexavier.com.br\/index.php?rest_route=%2Fwp%2Fv2%2Fmedia&parent=1285"}],"curies":[{"name":"wp","href":"https:\/\/api.w.org\/{rel}","templated":true}]}}