{"id":1296,"date":"2021-04-12T15:54:14","date_gmt":"2021-04-12T18:54:14","guid":{"rendered":"https:\/\/moreiraalvesexavier.com.br\/?page_id=1296"},"modified":"2021-04-12T16:23:45","modified_gmt":"2021-04-12T19:23:45","slug":"direto-sucessorio-e-curatelas-interdicoes","status":"publish","type":"page","link":"https:\/\/moreiraalvesexavier.com.br\/?page_id=1296","title":{"rendered":""},"content":{"rendered":"\n<section class=\"wp-block-uagb-section uagb-section__wrap uagb-section__background-color uagb-block-8978ac45\"><div class=\"uagb-section__overlay\"><\/div><div class=\"uagb-section__inner-wrap\">\n<h4 style=\"font-size:30px\">DIREITO SUCESS\u00d3RIO E CURATELAS\/INTERDI\u00c7\u00d5ES<\/h4>\n\n<p style=\"text-align: justify;\">Prestamos assessoria jur\u00eddica no ramo sucess\u00f3rio com enfoque em:<\/p>\n<ul>\n<li style=\"text-align: justify;\">Invent\u00e1rio Judicial e Extrajudicial<\/li>\n<li style=\"text-align: justify;\">Alvar\u00e1s Judiciais<\/li>\n<li style=\"text-align: justify;\">Habilita\u00e7\u00e3o de cr\u00e9dito em Invent\u00e1rio<\/li>\n<li style=\"text-align: justify;\">Heran\u00e7a e Testamento<\/li>\n<li style=\"text-align: justify;\">Interdi\u00e7\u00e3o e Curatela judicial.<\/li>\n<\/ul>\n<p style=\"text-align: justify;\">A atua\u00e7\u00e3o na via extrajudicial \u00e9 realizada com o aux\u00edlio de despachantes e cart\u00f3rios de plena confian\u00e7a que trabalham de forma harmoniosa e cooperativa com o nosso escrit\u00f3rio.<\/p>\n\n<hr style=\"height:2px; border:none; color:#000; background-color:#000; margin-top: 0px; margin-bottom: 0px;\">\n<\/div><\/section>\n","protected":false},"excerpt":{"rendered":"","protected":false},"author":1,"featured_media":0,"parent":0,"menu_order":0,"comment_status":"closed","ping_status":"closed","template":"","meta":[],"uagb_featured_image_src":{"full":false,"thumbnail":false,"medium":false,"medium_large":false,"large":false,"1536x1536":false,"2048x2048":false},"uagb_author_info":{"display_name":"lucasastino","author_link":"https:\/\/moreiraalvesexavier.com.br\/?author=1"},"uagb_comment_info":0,"uagb_excerpt":null,"_links":{"self":[{"href":"https:\/\/moreiraalvesexavier.com.br\/index.php?rest_route=\/wp\/v2\/pages\/1296"}],"collection":[{"href":"https:\/\/moreiraalvesexavier.com.br\/index.php?rest_route=\/wp\/v2\/pages"}],"about":[{"href":"https:\/\/moreiraalvesexavier.com.br\/index.php?rest_route=\/wp\/v2\/types\/page"}],"author":[{"embeddable":true,"href":"https:\/\/moreiraalvesexavier.com.br\/index.php?rest_route=\/wp\/v2\/users\/1"}],"replies":[{"embeddable":true,"href":"https:\/\/moreiraalvesexavier.com.br\/index.php?rest_route=%2Fwp%2Fv2%2Fcomments&post=1296"}],"version-history":[{"count":4,"href":"https:\/\/moreiraalvesexavier.com.br\/index.php?rest_route=\/wp\/v2\/pages\/1296\/revisions"}],"predecessor-version":[{"id":1328,"href":"https:\/\/moreiraalvesexavier.com.br\/index.php?rest_route=\/wp\/v2\/pages\/1296\/revisions\/1328"}],"wp:attachment":[{"href":"https:\/\/moreiraalvesexavier.com.br\/index.php?rest_route=%2Fwp%2Fv2%2Fmedia&parent=1296"}],"curies":[{"name":"wp","href":"https:\/\/api.w.org\/{rel}","templated":true}]}}